{"id":1287,"date":"2024-07-19T11:07:18","date_gmt":"2024-07-19T09:07:18","guid":{"rendered":"https:\/\/dev-shop.officinegullo.com\/prodotto\/set-di-pentole-in-acciaio-inox-martellato\/"},"modified":"2024-08-20T11:35:00","modified_gmt":"2024-08-20T09:35:00","slug":"kochtopfset-aus-gehaemmertem-edelstahl","status":"publish","type":"product","link":"https:\/\/shop.officinegullo.com\/de\/produkt\/kochtopfset-aus-gehaemmertem-edelstahl\/","title":{"rendered":"Kochtopfset aus geh\u00e4mmertem Edelstahl"},"content":{"rendered":"","protected":false},"excerpt":{"rendered":"<h2><span data-sheets-root=\"1\">Hervorragende Kochleistung, Komfort und Eleganz auf dem Tisch<\/span><\/h2>\n<p>Unser Kochtopfset aus geh\u00e4mmertem Edelstahl verhilft Ihnen zu hervorragenden Kochergebnissen und bietet eine au\u00dfergew\u00f6hnliche Pr\u00e4sentation und \u00fcberraschenden Komfort. Diese au\u00dfergew\u00f6hnlichen K\u00fcchenutensilien sind das Ergebnis der Kombination von jahrtausendealter, von unseren Meisterhandwerkern bewahrter Handwerkskunst und fortschrittlichster Technologie.<\/p>\n<div id=\"gtx-trans\" style=\"position: absolute;left: -56px;top: -19.6667px\">\n<div class=\"gtx-trans-icon\"><\/div>\n<\/div>\n","protected":false},"featured_media":1040,"template":"","meta":{"_acf_changed":false},"product_brand":[],"product_cat":[39],"product_tag":[],"class_list":{"0":"post-1287","1":"product","2":"type-product","3":"status-publish","4":"has-post-thumbnail","6":"product_cat-kitchenware","8":"first","9":"instock","10":"taxable","11":"shipping-taxable","12":"purchasable","13":"product-type-variable","14":"has-default-attributes"},"acf":[],"yoast_head":"<!-- This site is optimized with the Yoast SEO plugin v27.4 - https:\/\/yoast.com\/product\/yoast-seo-wordpress\/ -->\n<title>Kochtopfset aus geh\u00e4mmertem Edelstahl - Shop Officine Gullo<\/title>\n<meta name=\"description\" content=\"Unser Kochtopfset aus geh\u00e4mmertem Edelstahl verhilft Ihnen zu hervorragenden Kochergebnissen und bietet eine au\u00dfergew\u00f6hnliche Pr\u00e4sentation und \u00fcberraschenden Komfort.\" \/>\n<meta name=\"robots\" content=\"index, follow, max-snippet:-1, max-image-preview:large, max-video-preview:-1\" \/>\n<link rel=\"canonical\" href=\"https:\/\/shop.officinegullo.com\/de\/produkt\/kochtopfset-aus-gehaemmertem-edelstahl\/\" \/>\n<meta property=\"og:locale\" content=\"de_DE\" \/>\n<meta property=\"og:type\" content=\"article\" \/>\n<meta property=\"og:title\" content=\"Kochtopfset aus geh\u00e4mmertem Edelstahl - Shop Officine Gullo\" \/>\n<meta property=\"og:description\" content=\"Unser Kochtopfset aus geh\u00e4mmertem Edelstahl verhilft Ihnen zu hervorragenden Kochergebnissen und bietet eine au\u00dfergew\u00f6hnliche Pr\u00e4sentation und \u00fcberraschenden Komfort.\" \/>\n<meta property=\"og:url\" content=\"https:\/\/shop.officinegullo.com\/de\/produkt\/kochtopfset-aus-gehaemmertem-edelstahl\/\" \/>\n<meta property=\"og:site_name\" content=\"Shop Officine Gullo\" \/>\n<meta property=\"article:modified_time\" content=\"2024-08-20T09:35:00+00:00\" \/>\n<meta property=\"og:image\" content=\"https:\/\/s3.eu-central-1.amazonaws.com\/shop.officinegullo.com\/wp-content\/uploads\/2024\/07\/Ecom-92-quadrato.jpg\" \/>\n\t<meta property=\"og:image:width\" content=\"1500\" \/>\n\t<meta property=\"og:image:height\" content=\"1500\" \/>\n\t<meta property=\"og:image:type\" content=\"image\/jpeg\" \/>\n<meta name=\"twitter:card\" content=\"summary_large_image\" \/>\n<meta name=\"twitter:label1\" content=\"Gesch\u00e4tzte Lesezeit\" \/>\n\t<meta name=\"twitter:data1\" content=\"1\u00a0Minute\" \/>\n<script type=\"application\/ld+json\" class=\"yoast-schema-graph\">{\"@context\":\"https:\\\/\\\/schema.org\",\"@graph\":[{\"@type\":\"WebPage\",\"@id\":\"https:\\\/\\\/shop.officinegullo.com\\\/de\\\/produkt\\\/kochtopfset-aus-gehaemmertem-edelstahl\\\/\",\"url\":\"https:\\\/\\\/shop.officinegullo.com\\\/de\\\/produkt\\\/kochtopfset-aus-gehaemmertem-edelstahl\\\/\",\"name\":\"Kochtopfset aus geh\u00e4mmertem Edelstahl - Shop Officine Gullo\",\"isPartOf\":{\"@id\":\"https:\\\/\\\/shop.officinegullo.com\\\/de\\\/#website\"},\"primaryImageOfPage\":{\"@id\":\"https:\\\/\\\/shop.officinegullo.com\\\/de\\\/produkt\\\/kochtopfset-aus-gehaemmertem-edelstahl\\\/#primaryimage\"},\"image\":{\"@id\":\"https:\\\/\\\/shop.officinegullo.com\\\/de\\\/produkt\\\/kochtopfset-aus-gehaemmertem-edelstahl\\\/#primaryimage\"},\"thumbnailUrl\":\"https:\\\/\\\/s3.eu-central-1.amazonaws.com\\\/shop.officinegullo.com\\\/wp-content\\\/uploads\\\/2024\\\/07\\\/Ecom-92-quadrato.jpg\",\"datePublished\":\"2024-07-19T09:07:18+00:00\",\"dateModified\":\"2024-08-20T09:35:00+00:00\",\"description\":\"Unser Kochtopfset aus geh\u00e4mmertem Edelstahl verhilft Ihnen zu hervorragenden Kochergebnissen und bietet eine au\u00dfergew\u00f6hnliche Pr\u00e4sentation und \u00fcberraschenden Komfort.\",\"breadcrumb\":{\"@id\":\"https:\\\/\\\/shop.officinegullo.com\\\/de\\\/produkt\\\/kochtopfset-aus-gehaemmertem-edelstahl\\\/#breadcrumb\"},\"inLanguage\":\"de\",\"potentialAction\":[{\"@type\":\"ReadAction\",\"target\":[\"https:\\\/\\\/shop.officinegullo.com\\\/de\\\/produkt\\\/kochtopfset-aus-gehaemmertem-edelstahl\\\/\"]}]},{\"@type\":\"ImageObject\",\"inLanguage\":\"de\",\"@id\":\"https:\\\/\\\/shop.officinegullo.com\\\/de\\\/produkt\\\/kochtopfset-aus-gehaemmertem-edelstahl\\\/#primaryimage\",\"url\":\"https:\\\/\\\/s3.eu-central-1.amazonaws.com\\\/shop.officinegullo.com\\\/wp-content\\\/uploads\\\/2024\\\/07\\\/Ecom-92-quadrato.jpg\",\"contentUrl\":\"https:\\\/\\\/s3.eu-central-1.amazonaws.com\\\/shop.officinegullo.com\\\/wp-content\\\/uploads\\\/2024\\\/07\\\/Ecom-92-quadrato.jpg\",\"width\":1500,\"height\":1500},{\"@type\":\"BreadcrumbList\",\"@id\":\"https:\\\/\\\/shop.officinegullo.com\\\/de\\\/produkt\\\/kochtopfset-aus-gehaemmertem-edelstahl\\\/#breadcrumb\",\"itemListElement\":[{\"@type\":\"ListItem\",\"position\":1,\"name\":\"Home\",\"item\":\"https:\\\/\\\/shop.officinegullo.com\\\/de\\\/\"},{\"@type\":\"ListItem\",\"position\":2,\"name\":\"Shop\",\"item\":\"https:\\\/\\\/shop.officinegullo.com\\\/de\\\/\"},{\"@type\":\"ListItem\",\"position\":3,\"name\":\"Kitchenware\",\"item\":\"https:\\\/\\\/shop.officinegullo.com\\\/de\\\/prodotti\\\/kitchenware\\\/\"},{\"@type\":\"ListItem\",\"position\":4,\"name\":\"Kochtopfset aus geh\u00e4mmertem Edelstahl\"}]},{\"@type\":\"WebSite\",\"@id\":\"https:\\\/\\\/shop.officinegullo.com\\\/de\\\/#website\",\"url\":\"https:\\\/\\\/shop.officinegullo.com\\\/de\\\/\",\"name\":\"Shop Officine Gullo\",\"description\":\"Un nuovo sito targato WordPress\",\"potentialAction\":[{\"@type\":\"SearchAction\",\"target\":{\"@type\":\"EntryPoint\",\"urlTemplate\":\"https:\\\/\\\/shop.officinegullo.com\\\/de\\\/?s={search_term_string}\"},\"query-input\":{\"@type\":\"PropertyValueSpecification\",\"valueRequired\":true,\"valueName\":\"search_term_string\"}}],\"inLanguage\":\"de\"}]}<\/script>\n<!-- \/ Yoast SEO plugin. -->","yoast_head_json":{"title":"Kochtopfset aus geh\u00e4mmertem Edelstahl - Shop Officine Gullo","description":"Unser Kochtopfset aus geh\u00e4mmertem Edelstahl verhilft Ihnen zu hervorragenden Kochergebnissen und bietet eine au\u00dfergew\u00f6hnliche Pr\u00e4sentation und \u00fcberraschenden Komfort.","robots":{"index":"index","follow":"follow","max-snippet":"max-snippet:-1","max-image-preview":"max-image-preview:large","max-video-preview":"max-video-preview:-1"},"canonical":"https:\/\/shop.officinegullo.com\/de\/produkt\/kochtopfset-aus-gehaemmertem-edelstahl\/","og_locale":"de_DE","og_type":"article","og_title":"Kochtopfset aus geh\u00e4mmertem Edelstahl - Shop Officine Gullo","og_description":"Unser Kochtopfset aus geh\u00e4mmertem Edelstahl verhilft Ihnen zu hervorragenden Kochergebnissen und bietet eine au\u00dfergew\u00f6hnliche Pr\u00e4sentation und \u00fcberraschenden Komfort.","og_url":"https:\/\/shop.officinegullo.com\/de\/produkt\/kochtopfset-aus-gehaemmertem-edelstahl\/","og_site_name":"Shop Officine Gullo","article_modified_time":"2024-08-20T09:35:00+00:00","og_image":[{"width":1500,"height":1500,"url":"https:\/\/s3.eu-central-1.amazonaws.com\/shop.officinegullo.com\/wp-content\/uploads\/2024\/07\/Ecom-92-quadrato.jpg","type":"image\/jpeg"}],"twitter_card":"summary_large_image","twitter_misc":{"Gesch\u00e4tzte Lesezeit":"1\u00a0Minute"},"schema":{"@context":"https:\/\/schema.org","@graph":[{"@type":"WebPage","@id":"https:\/\/shop.officinegullo.com\/de\/produkt\/kochtopfset-aus-gehaemmertem-edelstahl\/","url":"https:\/\/shop.officinegullo.com\/de\/produkt\/kochtopfset-aus-gehaemmertem-edelstahl\/","name":"Kochtopfset aus geh\u00e4mmertem Edelstahl - Shop Officine Gullo","isPartOf":{"@id":"https:\/\/shop.officinegullo.com\/de\/#website"},"primaryImageOfPage":{"@id":"https:\/\/shop.officinegullo.com\/de\/produkt\/kochtopfset-aus-gehaemmertem-edelstahl\/#primaryimage"},"image":{"@id":"https:\/\/shop.officinegullo.com\/de\/produkt\/kochtopfset-aus-gehaemmertem-edelstahl\/#primaryimage"},"thumbnailUrl":"https:\/\/s3.eu-central-1.amazonaws.com\/shop.officinegullo.com\/wp-content\/uploads\/2024\/07\/Ecom-92-quadrato.jpg","datePublished":"2024-07-19T09:07:18+00:00","dateModified":"2024-08-20T09:35:00+00:00","description":"Unser Kochtopfset aus geh\u00e4mmertem Edelstahl verhilft Ihnen zu hervorragenden Kochergebnissen und bietet eine au\u00dfergew\u00f6hnliche Pr\u00e4sentation und \u00fcberraschenden Komfort.","breadcrumb":{"@id":"https:\/\/shop.officinegullo.com\/de\/produkt\/kochtopfset-aus-gehaemmertem-edelstahl\/#breadcrumb"},"inLanguage":"de","potentialAction":[{"@type":"ReadAction","target":["https:\/\/shop.officinegullo.com\/de\/produkt\/kochtopfset-aus-gehaemmertem-edelstahl\/"]}]},{"@type":"ImageObject","inLanguage":"de","@id":"https:\/\/shop.officinegullo.com\/de\/produkt\/kochtopfset-aus-gehaemmertem-edelstahl\/#primaryimage","url":"https:\/\/s3.eu-central-1.amazonaws.com\/shop.officinegullo.com\/wp-content\/uploads\/2024\/07\/Ecom-92-quadrato.jpg","contentUrl":"https:\/\/s3.eu-central-1.amazonaws.com\/shop.officinegullo.com\/wp-content\/uploads\/2024\/07\/Ecom-92-quadrato.jpg","width":1500,"height":1500},{"@type":"BreadcrumbList","@id":"https:\/\/shop.officinegullo.com\/de\/produkt\/kochtopfset-aus-gehaemmertem-edelstahl\/#breadcrumb","itemListElement":[{"@type":"ListItem","position":1,"name":"Home","item":"https:\/\/shop.officinegullo.com\/de\/"},{"@type":"ListItem","position":2,"name":"Shop","item":"https:\/\/shop.officinegullo.com\/de\/"},{"@type":"ListItem","position":3,"name":"Kitchenware","item":"https:\/\/shop.officinegullo.com\/de\/prodotti\/kitchenware\/"},{"@type":"ListItem","position":4,"name":"Kochtopfset aus geh\u00e4mmertem Edelstahl"}]},{"@type":"WebSite","@id":"https:\/\/shop.officinegullo.com\/de\/#website","url":"https:\/\/shop.officinegullo.com\/de\/","name":"Shop Officine Gullo","description":"Un nuovo sito targato WordPress","potentialAction":[{"@type":"SearchAction","target":{"@type":"EntryPoint","urlTemplate":"https:\/\/shop.officinegullo.com\/de\/?s={search_term_string}"},"query-input":{"@type":"PropertyValueSpecification","valueRequired":true,"valueName":"search_term_string"}}],"inLanguage":"de"}]}},"_links":{"self":[{"href":"https:\/\/shop.officinegullo.com\/de\/wp-json\/wp\/v2\/product\/1287","targetHints":{"allow":["GET"]}}],"collection":[{"href":"https:\/\/shop.officinegullo.com\/de\/wp-json\/wp\/v2\/product"}],"about":[{"href":"https:\/\/shop.officinegullo.com\/de\/wp-json\/wp\/v2\/types\/product"}],"wp:featuredmedia":[{"embeddable":true,"href":"https:\/\/shop.officinegullo.com\/de\/wp-json\/wp\/v2\/media\/1040"}],"wp:attachment":[{"href":"https:\/\/shop.officinegullo.com\/de\/wp-json\/wp\/v2\/media?parent=1287"}],"wp:term":[{"taxonomy":"product_brand","embeddable":true,"href":"https:\/\/shop.officinegullo.com\/de\/wp-json\/wp\/v2\/product_brand?post=1287"},{"taxonomy":"product_cat","embeddable":true,"href":"https:\/\/shop.officinegullo.com\/de\/wp-json\/wp\/v2\/product_cat?post=1287"},{"taxonomy":"product_tag","embeddable":true,"href":"https:\/\/shop.officinegullo.com\/de\/wp-json\/wp\/v2\/product_tag?post=1287"}],"curies":[{"name":"wp","href":"https:\/\/api.w.org\/{rel}","templated":true}]}}